{"id":14217,"date":"2023-09-25T18:41:46","date_gmt":"2023-09-25T18:41:46","guid":{"rendered":"https:\/\/www.heyhunters.com\/?page_id=14217"},"modified":"2023-10-04T19:31:40","modified_gmt":"2023-10-04T19:31:40","slug":"community","status":"publish","type":"page","link":"https:\/\/www.heyhunters.com\/en\/community\/","title":{"rendered":"Community"},"content":{"rendered":"\t\t<div data-elementor-type=\"wp-page\" data-elementor-id=\"14217\" class=\"elementor elementor-14217\">\n\t\t\t\t\t\t<section class=\"elementor-section elementor-top-section elementor-element elementor-element-4f5e05a elementor-section-stretched elementor-section-boxed elementor-section-height-default elementor-section-height-default qodef-elementor-content-no\" data-id=\"4f5e05a\" data-element_type=\"section\" data-settings=\"{&quot;stretch_section&quot;:&quot;section-stretched&quot;}\">\n\t\t\t\t\t\t<div class=\"elementor-container elementor-column-gap-custom\">\n\t\t\t\t\t<div class=\"elementor-column elementor-col-100 elementor-top-column elementor-element elementor-element-88f1bca\" data-id=\"88f1bca\" data-element_type=\"column\">\n\t\t\t<div class=\"elementor-widget-wrap elementor-element-populated\">\n\t\t\t\t\t\t<div class=\"elementor-element elementor-element-3a360e35 elementor-widget elementor-widget-text-editor\" data-id=\"3a360e35\" data-element_type=\"widget\" data-widget_type=\"text-editor.default\">\n\t\t\t\t<div class=\"elementor-widget-container\">\n\t\t\t\t\t\t\t\t\t<h1 style=\"text-align: center;\">Community<\/h1>\t\t\t\t\t\t\t\t<\/div>\n\t\t\t\t<\/div>\n\t\t\t\t<div class=\"elementor-element elementor-element-4fd247cd elementor-widget elementor-widget-text-editor\" data-id=\"4fd247cd\" data-element_type=\"widget\" data-widget_type=\"text-editor.default\">\n\t\t\t\t<div class=\"elementor-widget-container\">\n\t\t\t\t\t\t\t\t\t<p style=\"text-align: center;\">Join Hey Hunters through our various initiatives!<\/p>\t\t\t\t\t\t\t\t<\/div>\n\t\t\t\t<\/div>\n\t\t\t\t\t<\/div>\n\t\t<\/div>\n\t\t\t\t\t<\/div>\n\t\t<\/section>\n\t\t\t\t<section class=\"elementor-section elementor-top-section elementor-element elementor-element-cd5abb3 elementor-section-full_width elementor-section-height-default elementor-section-height-default qodef-elementor-content-no\" data-id=\"cd5abb3\" data-element_type=\"section\">\n\t\t\t\t\t\t<div class=\"elementor-container elementor-column-gap-default\">\n\t\t\t\t\t<div class=\"elementor-column elementor-col-33 elementor-top-column elementor-element elementor-element-dae238a\" data-id=\"dae238a\" data-element_type=\"column\">\n\t\t\t<div class=\"elementor-widget-wrap elementor-element-populated\">\n\t\t\t\t\t\t<div class=\"elementor-element elementor-element-811c78b elementor-widget elementor-widget-image\" data-id=\"811c78b\" data-element_type=\"widget\" data-widget_type=\"image.default\">\n\t\t\t\t<div class=\"elementor-widget-container\">\n\t\t\t\t\t\t\t\t\t\t\t\t\t\t\t\t<a href=\"https:\/\/www.heyhunters.com\/community\/art-hooks-inspiracion-para-creativos\/\">\n\t\t\t\t\t\t\t<img fetchpriority=\"high\" decoding=\"async\" width=\"650\" height=\"650\" src=\"https:\/\/www.heyhunters.com\/wp-content\/uploads\/2023\/09\/INSPIRATIONAL-ART-HOOKS-HH-hey-hunters-brand-logo-2-650x650.jpg\" class=\"attachment-qi_addons_for_elementor_image_size_square size-qi_addons_for_elementor_image_size_square wp-image-13771\" alt=\"\" srcset=\"https:\/\/www.heyhunters.com\/wp-content\/uploads\/2023\/09\/INSPIRATIONAL-ART-HOOKS-HH-hey-hunters-brand-logo-2-650x650.jpg 650w, https:\/\/www.heyhunters.com\/wp-content\/uploads\/2023\/09\/INSPIRATIONAL-ART-HOOKS-HH-hey-hunters-brand-logo-2-150x150.jpg 150w, https:\/\/www.heyhunters.com\/wp-content\/uploads\/2023\/09\/INSPIRATIONAL-ART-HOOKS-HH-hey-hunters-brand-logo-2-300x300.jpg 300w, https:\/\/www.heyhunters.com\/wp-content\/uploads\/2023\/09\/INSPIRATIONAL-ART-HOOKS-HH-hey-hunters-brand-logo-2-100x100.jpg 100w\" sizes=\"(max-width: 650px) 100vw, 650px\" \/>\t\t\t\t\t\t\t\t<\/a>\n\t\t\t\t\t\t\t\t\t\t\t\t\t\t\t<\/div>\n\t\t\t\t<\/div>\n\t\t\t\t<div class=\"elementor-element elementor-element-a1969c2 elementor-widget elementor-widget-text-editor\" data-id=\"a1969c2\" data-element_type=\"widget\" data-widget_type=\"text-editor.default\">\n\t\t\t\t<div class=\"elementor-widget-container\">\n\t\t\t\t\t\t\t\t\t<h6>By Hey Hunters<\/h6><h4><a href=\"https:\/\/www.heyhunters.com\/community\/art-hooks-inspiracion-para-creativos\/\">Art Hooks: Inspiraci\u00f3n para mentes creativas<\/a><\/h4>\t\t\t\t\t\t\t\t<\/div>\n\t\t\t\t<\/div>\n\t\t\t\t\t<\/div>\n\t\t<\/div>\n\t\t\t\t<div class=\"elementor-column elementor-col-33 elementor-top-column elementor-element elementor-element-dcbc284\" data-id=\"dcbc284\" data-element_type=\"column\">\n\t\t\t<div class=\"elementor-widget-wrap elementor-element-populated\">\n\t\t\t\t\t\t<div class=\"elementor-element elementor-element-e120b41 elementor-widget elementor-widget-image\" data-id=\"e120b41\" data-element_type=\"widget\" data-widget_type=\"image.default\">\n\t\t\t\t<div class=\"elementor-widget-container\">\n\t\t\t\t\t\t\t\t\t\t\t\t\t\t\t\t<a href=\"https:\/\/www.heyhunters.com\/community\/art-spots-conectando-puntos-de-arte\/\">\n\t\t\t\t\t\t\t<img decoding=\"async\" width=\"650\" height=\"650\" src=\"https:\/\/www.heyhunters.com\/wp-content\/uploads\/2023\/09\/heyhunters-art-spots-artspots-project-proyecto-650x650.jpg\" class=\"attachment-qi_addons_for_elementor_image_size_square size-qi_addons_for_elementor_image_size_square wp-image-13510\" alt=\"Hey Hunters presenta Art Spots, una serie de videos breves que capturan la esencia de una variedad de puntos de arte. En cada video, desvelamos detalles relevantes como fechas especiales, ubicaciones, rutas sugeridas y eventos imperdibles que no te puedes perder. Con Art Spots, queremos mantenerte al tanto de los puntos de referencia para descubrir el arte y los artistas que est\u00e1n causando revuelo.Te invitamos a descubrir esta soluci\u00f3n ingeniosa para saciar tu sed de arte y conexi\u00f3n con la comunidad creativa.\" srcset=\"https:\/\/www.heyhunters.com\/wp-content\/uploads\/2023\/09\/heyhunters-art-spots-artspots-project-proyecto-650x650.jpg 650w, https:\/\/www.heyhunters.com\/wp-content\/uploads\/2023\/09\/heyhunters-art-spots-artspots-project-proyecto-150x150.jpg 150w, https:\/\/www.heyhunters.com\/wp-content\/uploads\/2023\/09\/heyhunters-art-spots-artspots-project-proyecto-300x300.jpg 300w, https:\/\/www.heyhunters.com\/wp-content\/uploads\/2023\/09\/heyhunters-art-spots-artspots-project-proyecto-100x100.jpg 100w\" sizes=\"(max-width: 650px) 100vw, 650px\" \/>\t\t\t\t\t\t\t\t<\/a>\n\t\t\t\t\t\t\t\t\t\t\t\t\t\t\t<\/div>\n\t\t\t\t<\/div>\n\t\t\t\t<div class=\"elementor-element elementor-element-1c282a4 elementor-widget elementor-widget-text-editor\" data-id=\"1c282a4\" data-element_type=\"widget\" data-widget_type=\"text-editor.default\">\n\t\t\t\t<div class=\"elementor-widget-container\">\n\t\t\t\t\t\t\t\t\t<h6>By Hey Hunters<\/h6><h4><a href=\"https:\/\/www.heyhunters.com\/community\/art-spots-conectando-puntos-de-arte\/\">Art Spots: Conectando puntos de arte<\/a><\/h4>\t\t\t\t\t\t\t\t<\/div>\n\t\t\t\t<\/div>\n\t\t\t\t\t<\/div>\n\t\t<\/div>\n\t\t\t\t<div class=\"elementor-column elementor-col-33 elementor-top-column elementor-element elementor-element-8bc1312\" data-id=\"8bc1312\" data-element_type=\"column\">\n\t\t\t<div class=\"elementor-widget-wrap elementor-element-populated\">\n\t\t\t\t\t\t<div class=\"elementor-element elementor-element-c932322 elementor-widget elementor-widget-image\" data-id=\"c932322\" data-element_type=\"widget\" data-widget_type=\"image.default\">\n\t\t\t\t<div class=\"elementor-widget-container\">\n\t\t\t\t\t\t\t\t\t\t\t\t\t\t\t\t<a href=\"https:\/\/www.heyhunters.com\/community\/art-directory-tu-guia-en-el-universo-del-arte\/\">\n\t\t\t\t\t\t\t<img decoding=\"async\" width=\"650\" height=\"650\" src=\"https:\/\/www.heyhunters.com\/wp-content\/uploads\/2023\/09\/ART-DIRECTORY-BRAND-650x650.jpg\" class=\"attachment-qi_addons_for_elementor_image_size_square size-qi_addons_for_elementor_image_size_square wp-image-13565\" alt=\"\" srcset=\"https:\/\/www.heyhunters.com\/wp-content\/uploads\/2023\/09\/ART-DIRECTORY-BRAND-650x650.jpg 650w, https:\/\/www.heyhunters.com\/wp-content\/uploads\/2023\/09\/ART-DIRECTORY-BRAND-150x150.jpg 150w, https:\/\/www.heyhunters.com\/wp-content\/uploads\/2023\/09\/ART-DIRECTORY-BRAND-300x300.jpg 300w, https:\/\/www.heyhunters.com\/wp-content\/uploads\/2023\/09\/ART-DIRECTORY-BRAND-100x100.jpg 100w\" sizes=\"(max-width: 650px) 100vw, 650px\" \/>\t\t\t\t\t\t\t\t<\/a>\n\t\t\t\t\t\t\t\t\t\t\t\t\t\t\t<\/div>\n\t\t\t\t<\/div>\n\t\t\t\t<div class=\"elementor-element elementor-element-6ca1a05 elementor-widget elementor-widget-text-editor\" data-id=\"6ca1a05\" data-element_type=\"widget\" data-widget_type=\"text-editor.default\">\n\t\t\t\t<div class=\"elementor-widget-container\">\n\t\t\t\t\t\t\t\t\t<h6>By Hey Hunters<\/h6>\n<h4><a href=\"https:\/\/www.heyhunters.com\/community\/art-directory-tu-guia-en-el-universo-del-arte\/\">Art Directory: Tu gu\u00eda en el universo del arte<\/a><\/h4>\t\t\t\t\t\t\t\t<\/div>\n\t\t\t\t<\/div>\n\t\t\t\t\t<\/div>\n\t\t<\/div>\n\t\t\t\t\t<\/div>\n\t\t<\/section>\n\t\t\t\t<section class=\"elementor-section elementor-top-section elementor-element elementor-element-0d814ad elementor-section-boxed elementor-section-height-default elementor-section-height-default qodef-elementor-content-no\" data-id=\"0d814ad\" data-element_type=\"section\">\n\t\t\t\t\t\t<div class=\"elementor-container elementor-column-gap-default\">\n\t\t\t\t\t<div class=\"elementor-column elementor-col-100 elementor-top-column elementor-element elementor-element-b36af7c\" data-id=\"b36af7c\" data-element_type=\"column\">\n\t\t\t<div class=\"elementor-widget-wrap elementor-element-populated\">\n\t\t\t\t\t\t<div class=\"elementor-element elementor-element-9f7984f elementor-widget elementor-widget-spacer\" data-id=\"9f7984f\" data-element_type=\"widget\" data-widget_type=\"spacer.default\">\n\t\t\t\t<div class=\"elementor-widget-container\">\n\t\t\t\t\t\t\t<div class=\"elementor-spacer\">\n\t\t\t<div class=\"elementor-spacer-inner\"><\/div>\n\t\t<\/div>\n\t\t\t\t\t\t<\/div>\n\t\t\t\t<\/div>\n\t\t\t\t\t<\/div>\n\t\t<\/div>\n\t\t\t\t\t<\/div>\n\t\t<\/section>\n\t\t\t\t<section class=\"elementor-section elementor-top-section elementor-element elementor-element-9dff604 elementor-section-stretched elementor-section-boxed elementor-section-height-default elementor-section-height-default qodef-elementor-content-no\" data-id=\"9dff604\" data-element_type=\"section\" data-settings=\"{&quot;stretch_section&quot;:&quot;section-stretched&quot;}\">\n\t\t\t\t\t\t<div class=\"elementor-container elementor-column-gap-custom\">\n\t\t\t\t\t<div class=\"elementor-column elementor-col-100 elementor-top-column elementor-element elementor-element-bc4d1d8\" data-id=\"bc4d1d8\" data-element_type=\"column\">\n\t\t\t<div class=\"elementor-widget-wrap elementor-element-populated\">\n\t\t\t\t\t\t<div class=\"elementor-element elementor-element-1ca5367 elementor-widget elementor-widget-text-editor\" data-id=\"1ca5367\" data-element_type=\"widget\" data-widget_type=\"text-editor.default\">\n\t\t\t\t<div class=\"elementor-widget-container\">\n\t\t\t\t\t\t\t\t\t<h3 style=\"text-align: center;\">Read more! \ud83d\ude42<\/h3>\t\t\t\t\t\t\t\t<\/div>\n\t\t\t\t<\/div>\n\t\t\t\t<div class=\"elementor-element elementor-element-45acdfc elementor-widget elementor-widget-text-editor\" data-id=\"45acdfc\" data-element_type=\"widget\" data-widget_type=\"text-editor.default\">\n\t\t\t\t<div class=\"elementor-widget-container\">\n\t\t\t\t\t\t\t\t\t<p style=\"text-align: center;\">Read inspiring stories about our community of artists and follow each step in our mission to develop the visual arts industry. Additionally, get exclusive information about some of the amazing projects we&#8217;ve collaborated on.<\/p>\t\t\t\t\t\t\t\t<\/div>\n\t\t\t\t<\/div>\n\t\t\t\t\t<\/div>\n\t\t<\/div>\n\t\t\t\t\t<\/div>\n\t\t<\/section>\n\t\t\t\t<section class=\"elementor-section elementor-top-section elementor-element elementor-element-f36de4e elementor-section-full_width elementor-section-height-default elementor-section-height-default qodef-elementor-content-no\" data-id=\"f36de4e\" data-element_type=\"section\" data-settings=\"{&quot;animation&quot;:&quot;none&quot;}\">\n\t\t\t\t\t\t<div class=\"elementor-container elementor-column-gap-default\">\n\t\t\t\t\t<div class=\"elementor-column elementor-col-100 elementor-top-column elementor-element elementor-element-87b0d61\" data-id=\"87b0d61\" data-element_type=\"column\">\n\t\t\t<div class=\"elementor-widget-wrap elementor-element-populated\">\n\t\t\t\t\t\t<div class=\"elementor-element elementor-element-c3f0e56 elementor-widget elementor-widget-lekker_core_blog_list\" data-id=\"c3f0e56\" data-element_type=\"widget\" data-widget_type=\"lekker_core_blog_list.default\">\n\t\t\t\t<div class=\"elementor-widget-container\">\n\t\t\t\t\t<div class=\"qodef-shortcode qodef-m  qodef-blog qodef-item-layout--simple qodef-grid qodef-layout--columns  qodef-gutter--normal qodef-col-num--3   qodef-item-layout--simple qodef--no-bottom-space qodef-pagination--off qodef-responsive--predefined\" data-options=\"{&quot;plugin&quot;:&quot;lekker_core&quot;,&quot;module&quot;:&quot;blog\\\/shortcodes&quot;,&quot;shortcode&quot;:&quot;blog-list&quot;,&quot;post_type&quot;:&quot;post&quot;,&quot;next_page&quot;:&quot;2&quot;,&quot;behavior&quot;:&quot;columns&quot;,&quot;images_proportion&quot;:&quot;lekker_image_size_square&quot;,&quot;columns&quot;:&quot;3&quot;,&quot;columns_responsive&quot;:&quot;predefined&quot;,&quot;space&quot;:&quot;normal&quot;,&quot;orderby&quot;:&quot;date&quot;,&quot;order&quot;:&quot;DESC&quot;,&quot;layout&quot;:&quot;simple&quot;,&quot;title_tag&quot;:&quot;h4&quot;,&quot;enable_filter&quot;:&quot;no&quot;,&quot;pagination_type&quot;:&quot;no-pagination&quot;,&quot;object_class_name&quot;:&quot;LekkerCoreBlogListShortcode&quot;,&quot;taxonomy_filter&quot;:&quot;category&quot;,&quot;space_value&quot;:15}\">\n\t\t<div class=\"qodef-grid-inner clear\">\n\t\t<article class=\"qodef-e qodef-grid-item qodef-item--square post-14212 post type-post status-publish format-standard has-post-thumbnail hentry category-mujeres-del-arte\">\n\t<div class=\"qodef-e-inner\">\n\t\t\t<div class=\"qodef-e-media-image\">\n\t\t<a itemprop=\"url\" href=\"https:\/\/www.heyhunters.com\/en\/explorando-el-poder-del-art-deck-en-el-centro-juvenil-santa-margarita\/\">\n\t\t\t<img loading=\"lazy\" decoding=\"async\" width=\"650\" height=\"650\" src=\"https:\/\/www.heyhunters.com\/wp-content\/uploads\/2023\/09\/Mujeres-del-arte-talleres-santa-margarita-Hey-hunters-1-650x650.png\" class=\"attachment-lekker_image_size_square size-lekker_image_size_square wp-post-image\" alt=\"\" srcset=\"https:\/\/www.heyhunters.com\/wp-content\/uploads\/2023\/09\/Mujeres-del-arte-talleres-santa-margarita-Hey-hunters-1-650x650.png 650w, https:\/\/www.heyhunters.com\/wp-content\/uploads\/2023\/09\/Mujeres-del-arte-talleres-santa-margarita-Hey-hunters-1-300x300.png 300w, https:\/\/www.heyhunters.com\/wp-content\/uploads\/2023\/09\/Mujeres-del-arte-talleres-santa-margarita-Hey-hunters-1-150x150.png 150w, https:\/\/www.heyhunters.com\/wp-content\/uploads\/2023\/09\/Mujeres-del-arte-talleres-santa-margarita-Hey-hunters-1-768x768.png 768w, https:\/\/www.heyhunters.com\/wp-content\/uploads\/2023\/09\/Mujeres-del-arte-talleres-santa-margarita-Hey-hunters-1-600x600.png 600w, https:\/\/www.heyhunters.com\/wp-content\/uploads\/2023\/09\/Mujeres-del-arte-talleres-santa-margarita-Hey-hunters-1-100x100.png 100w, https:\/\/www.heyhunters.com\/wp-content\/uploads\/2023\/09\/Mujeres-del-arte-talleres-santa-margarita-Hey-hunters-1.png 949w\" sizes=\"(max-width: 650px) 100vw, 650px\" \/>\t\t<\/a>\n\t<\/div>\n\t\t<div class=\"qodef-e-content\">\n\t\t\t<div class=\"qodef-e-info qodef-info--top\">\n\t\t\t\t<div class=\"qodef-e-info-item qodef-e-info-author\">\n\t<span class=\"qodef-e-info-author-label\">By<\/span>\n\t<a itemprop=\"author\" class=\"qodef-e-info-author-link\" href=\"https:\/\/www.heyhunters.com\/en\/author\/heyhunters-2\/\">\n\t\tHey Hunters Team\t<\/a>\n<\/div><div itemprop=\"dateCreated\" class=\"qodef-e-info-item qodef-e-info-date entry-date \">\n\t<a itemprop=\"url\" href=\"https:\/\/www.heyhunters.com\/en\/2023\/09\/\">25 de September de 2023<\/a>\n\t<meta itemprop=\"interactionCount\" content=\"UserComments: 0\"\/>\n<\/div><div class=\"qodef-e-info-item qodef-e-info-category\">\n\t<a href=\"https:\/\/www.heyhunters.com\/category\/mujeres-del-arte\/\" rel=\"category tag\">Mujeres del Arte<\/a><\/div>\t\t\t<\/div>\n\t\t\t<h4 itemprop=\"name\" class=\"qodef-e-title entry-title\" >\n\t<a itemprop=\"url\" class=\"qodef-e-title-link\" href=\"https:\/\/www.heyhunters.com\/en\/explorando-el-poder-del-art-deck-en-el-centro-juvenil-santa-margarita\/\">\n\t\tExploring the Power of the Art Deck at the Santa Margarita Youth Center\t<\/a>\n<\/h4>\t\t\t\t<div class=\"qodef-e-read-more\">\n\t\t<a class=\"qodef-shortcode qodef-m  qodef-button qodef-layout--textual  qodef-html--link\" href=\"https:\/\/www.heyhunters.com\/en\/explorando-el-poder-del-art-deck-en-el-centro-juvenil-santa-margarita\/\" target=\"_self\"  >\t<span class=\"qodef-m-text\">Read More<\/span>\t<span class=\"qodef-m-lines\"><\/span><\/a>\t<\/div>\n\t\t<\/div>\n\t<\/div>\n<\/article><article class=\"qodef-e qodef-grid-item qodef-item--square post-15149 post type-post status-publish format-standard has-post-thumbnail hentry category-mujeres-del-arte category-uncategorized tag-fomentando-la-colaboracion-entre-mujeres-del-arte-y-el-impacto-social-del-proyecto-desde-un-enfoque-en-la-gestion-cultural-en\">\n\t<div class=\"qodef-e-inner\">\n\t\t\t<div class=\"qodef-e-media-image\">\n\t\t<a itemprop=\"url\" href=\"https:\/\/www.heyhunters.com\/en\/encouraging-collaboration-between-women-in-art-and-the-social-impact-of-the-project-through-a-focus-on-cultural-management\/\">\n\t\t\t<img loading=\"lazy\" decoding=\"async\" width=\"650\" height=\"650\" src=\"https:\/\/www.heyhunters.com\/wp-content\/uploads\/2023\/06\/web-IMG-MUJERES-DEL-ARTE-fotogrupal-artdeck-foto-blog-650x650.jpg\" class=\"attachment-lekker_image_size_square size-lekker_image_size_square\" alt=\"\" srcset=\"https:\/\/www.heyhunters.com\/wp-content\/uploads\/2023\/06\/web-IMG-MUJERES-DEL-ARTE-fotogrupal-artdeck-foto-blog-650x650.jpg 650w, https:\/\/www.heyhunters.com\/wp-content\/uploads\/2023\/06\/web-IMG-MUJERES-DEL-ARTE-fotogrupal-artdeck-foto-blog-300x300.jpg 300w, https:\/\/www.heyhunters.com\/wp-content\/uploads\/2023\/06\/web-IMG-MUJERES-DEL-ARTE-fotogrupal-artdeck-foto-blog-1024x1024.jpg 1024w, https:\/\/www.heyhunters.com\/wp-content\/uploads\/2023\/06\/web-IMG-MUJERES-DEL-ARTE-fotogrupal-artdeck-foto-blog-150x150.jpg 150w, https:\/\/www.heyhunters.com\/wp-content\/uploads\/2023\/06\/web-IMG-MUJERES-DEL-ARTE-fotogrupal-artdeck-foto-blog-768x769.jpg 768w, https:\/\/www.heyhunters.com\/wp-content\/uploads\/2023\/06\/web-IMG-MUJERES-DEL-ARTE-fotogrupal-artdeck-foto-blog-600x601.jpg 600w, https:\/\/www.heyhunters.com\/wp-content\/uploads\/2023\/06\/web-IMG-MUJERES-DEL-ARTE-fotogrupal-artdeck-foto-blog-100x100.jpg 100w, https:\/\/www.heyhunters.com\/wp-content\/uploads\/2023\/06\/web-IMG-MUJERES-DEL-ARTE-fotogrupal-artdeck-foto-blog.jpg 1183w\" sizes=\"(max-width: 650px) 100vw, 650px\" \/>\t\t<\/a>\n\t<\/div>\n\t\t<div class=\"qodef-e-content\">\n\t\t\t<div class=\"qodef-e-info qodef-info--top\">\n\t\t\t\t<div class=\"qodef-e-info-item qodef-e-info-author\">\n\t<span class=\"qodef-e-info-author-label\">By<\/span>\n\t<a itemprop=\"author\" class=\"qodef-e-info-author-link\" href=\"https:\/\/www.heyhunters.com\/en\/author\/heyhunters-2\/\">\n\t\tHey Hunters Team\t<\/a>\n<\/div><div itemprop=\"dateCreated\" class=\"qodef-e-info-item qodef-e-info-date entry-date \">\n\t<a itemprop=\"url\" href=\"https:\/\/www.heyhunters.com\/en\/2023\/06\/\">28 de June de 2023<\/a>\n\t<meta itemprop=\"interactionCount\" content=\"UserComments: 0\"\/>\n<\/div><div class=\"qodef-e-info-item qodef-e-info-category\">\n\t<a href=\"https:\/\/www.heyhunters.com\/category\/mujeres-del-arte\/\" rel=\"category tag\">Mujeres del Arte<\/a>, <a href=\"https:\/\/www.heyhunters.com\/en\/category\/uncategorized\/\" rel=\"category tag\">Uncategorized<\/a><\/div>\t\t\t<\/div>\n\t\t\t<h4 itemprop=\"name\" class=\"qodef-e-title entry-title\" >\n\t<a itemprop=\"url\" class=\"qodef-e-title-link\" href=\"https:\/\/www.heyhunters.com\/en\/encouraging-collaboration-between-women-in-art-and-the-social-impact-of-the-project-through-a-focus-on-cultural-management\/\">\n\t\tEncouraging collaboration between Women in Art and the social impact of the project through a focus on cultural management\t<\/a>\n<\/h4>\t\t\t\t<div class=\"qodef-e-read-more\">\n\t\t<a class=\"qodef-shortcode qodef-m  qodef-button qodef-layout--textual  qodef-html--link\" href=\"https:\/\/www.heyhunters.com\/en\/encouraging-collaboration-between-women-in-art-and-the-social-impact-of-the-project-through-a-focus-on-cultural-management\/\" target=\"_self\"  >\t<span class=\"qodef-m-text\">Read More<\/span>\t<span class=\"qodef-m-lines\"><\/span><\/a>\t<\/div>\n\t\t<\/div>\n\t<\/div>\n<\/article>\t<\/div>\n\t<\/div>\t\t\t\t<\/div>\n\t\t\t\t<\/div>\n\t\t\t\t\t<\/div>\n\t\t<\/div>\n\t\t\t\t\t<\/div>\n\t\t<\/section>\n\t\t\t\t<section class=\"elementor-section elementor-top-section elementor-element elementor-element-82fcf2f elementor-section-boxed elementor-section-height-default elementor-section-height-default qodef-elementor-content-no\" data-id=\"82fcf2f\" data-element_type=\"section\">\n\t\t\t\t\t\t<div class=\"elementor-container elementor-column-gap-default\">\n\t\t\t\t\t<div class=\"elementor-column elementor-col-100 elementor-top-column elementor-element elementor-element-eb66b30\" data-id=\"eb66b30\" data-element_type=\"column\">\n\t\t\t<div class=\"elementor-widget-wrap elementor-element-populated\">\n\t\t\t\t\t\t<div class=\"elementor-element elementor-element-540b972 elementor-widget elementor-widget-spacer\" data-id=\"540b972\" data-element_type=\"widget\" data-widget_type=\"spacer.default\">\n\t\t\t\t<div class=\"elementor-widget-container\">\n\t\t\t\t\t\t\t<div class=\"elementor-spacer\">\n\t\t\t<div class=\"elementor-spacer-inner\"><\/div>\n\t\t<\/div>\n\t\t\t\t\t\t<\/div>\n\t\t\t\t<\/div>\n\t\t\t\t\t<\/div>\n\t\t<\/div>\n\t\t\t\t\t<\/div>\n\t\t<\/section>\n\t\t\t\t<section class=\"elementor-section elementor-top-section elementor-element elementor-element-1e705fb2 elementor-section-full_width elementor-section-stretched elementor-section-height-default elementor-section-height-default qodef-elementor-content-no\" data-id=\"1e705fb2\" data-element_type=\"section\" data-settings=\"{&quot;stretch_section&quot;:&quot;section-stretched&quot;,&quot;background_background&quot;:&quot;classic&quot;}\">\n\t\t\t\t\t\t<div class=\"elementor-container elementor-column-gap-custom\">\n\t\t\t\t\t<div class=\"elementor-column elementor-col-50 elementor-top-column elementor-element elementor-element-66a51f83\" data-id=\"66a51f83\" data-element_type=\"column\" data-settings=\"{&quot;background_background&quot;:&quot;classic&quot;}\">\n\t\t\t<div class=\"elementor-widget-wrap elementor-element-populated\">\n\t\t\t\t\t\t<div class=\"elementor-element elementor-element-296081d4 elementor-widget elementor-widget-spacer\" data-id=\"296081d4\" data-element_type=\"widget\" data-widget_type=\"spacer.default\">\n\t\t\t\t<div class=\"elementor-widget-container\">\n\t\t\t\t\t\t\t<div class=\"elementor-spacer\">\n\t\t\t<div class=\"elementor-spacer-inner\"><\/div>\n\t\t<\/div>\n\t\t\t\t\t\t<\/div>\n\t\t\t\t<\/div>\n\t\t\t\t\t<\/div>\n\t\t<\/div>\n\t\t\t\t<div class=\"elementor-column elementor-col-50 elementor-top-column elementor-element elementor-element-63456d99\" data-id=\"63456d99\" data-element_type=\"column\" data-settings=\"{&quot;background_background&quot;:&quot;classic&quot;}\">\n\t\t\t<div class=\"elementor-widget-wrap elementor-element-populated\">\n\t\t\t\t\t\t<div class=\"elementor-element elementor-element-7ba4cf56 elementor-widget elementor-widget-spacer\" data-id=\"7ba4cf56\" data-element_type=\"widget\" data-widget_type=\"spacer.default\">\n\t\t\t\t<div class=\"elementor-widget-container\">\n\t\t\t\t\t\t\t<div class=\"elementor-spacer\">\n\t\t\t<div class=\"elementor-spacer-inner\"><\/div>\n\t\t<\/div>\n\t\t\t\t\t\t<\/div>\n\t\t\t\t<\/div>\n\t\t\t\t<div class=\"elementor-element elementor-element-a9f25e4 elementor-widget elementor-widget-text-editor\" data-id=\"a9f25e4\" data-element_type=\"widget\" data-widget_type=\"text-editor.default\">\n\t\t\t\t<div class=\"elementor-widget-container\">\n\t\t\t\t\t\t\t\t\t<h6>Descubre m\u00e1s<\/h6><h4>\u00bfYa conoces nuestro proyecto Mujeres del Arte?<\/h4>\t\t\t\t\t\t\t\t<\/div>\n\t\t\t\t<\/div>\n\t\t\t\t<div class=\"elementor-element elementor-element-133e6812 elementor-widget elementor-widget-text-editor\" data-id=\"133e6812\" data-element_type=\"widget\" data-widget_type=\"text-editor.default\">\n\t\t\t\t<div class=\"elementor-widget-container\">\n\t\t\t\t\t\t\t\t\t<p><strong style=\"font-size: inherit; font-style: inherit; letter-spacing: inherit; text-transform: inherit;\"><a href=\"htttps:\/\/mujeresdelarte.com\">\ud83d\udd17 mujeresdelarte.com<\/a><\/strong><\/p><p><strong><a href=\"https:\/\/www.instagram.com\/mujeres.delarte\">\ud83d\udd17 instagram.com\/mujeres.delarte<\/a><\/strong><\/p>\t\t\t\t\t\t\t\t<\/div>\n\t\t\t\t<\/div>\n\t\t\t\t<div class=\"elementor-element elementor-element-5a9102ad elementor-widget elementor-widget-spacer\" data-id=\"5a9102ad\" data-element_type=\"widget\" data-widget_type=\"spacer.default\">\n\t\t\t\t<div class=\"elementor-widget-container\">\n\t\t\t\t\t\t\t<div class=\"elementor-spacer\">\n\t\t\t<div class=\"elementor-spacer-inner\"><\/div>\n\t\t<\/div>\n\t\t\t\t\t\t<\/div>\n\t\t\t\t<\/div>\n\t\t\t\t\t<\/div>\n\t\t<\/div>\n\t\t\t\t\t<\/div>\n\t\t<\/section>\n\t\t\t\t<\/div>\n\t\t","protected":false},"excerpt":{"rendered":"<p>Community Join Hey Hunters through our various initiatives! By Hey Hunters Art Hooks: Inspiraci\u00f3n para mentes creativas By Hey Hunters Art Spots: Conectando puntos de arte By Hey Hunters Art Directory: Tu gu\u00eda en el universo del arte Read more! \ud83d\ude42 Read inspiring stories about our community of artists and follow each step in our [&hellip;]<\/p>\n","protected":false},"author":5,"featured_media":14415,"parent":0,"menu_order":0,"comment_status":"closed","ping_status":"closed","template":"elementor_header_footer","meta":{"footnotes":""},"class_list":["post-14217","page","type-page","status-publish","has-post-thumbnail","hentry"],"post_mailing_queue_ids":[],"_links":{"self":[{"href":"https:\/\/www.heyhunters.com\/en\/wp-json\/wp\/v2\/pages\/14217","targetHints":{"allow":["GET"]}}],"collection":[{"href":"https:\/\/www.heyhunters.com\/en\/wp-json\/wp\/v2\/pages"}],"about":[{"href":"https:\/\/www.heyhunters.com\/en\/wp-json\/wp\/v2\/types\/page"}],"author":[{"embeddable":true,"href":"https:\/\/www.heyhunters.com\/en\/wp-json\/wp\/v2\/users\/5"}],"replies":[{"embeddable":true,"href":"https:\/\/www.heyhunters.com\/en\/wp-json\/wp\/v2\/comments?post=14217"}],"version-history":[{"count":6,"href":"https:\/\/www.heyhunters.com\/en\/wp-json\/wp\/v2\/pages\/14217\/revisions"}],"predecessor-version":[{"id":15456,"href":"https:\/\/www.heyhunters.com\/en\/wp-json\/wp\/v2\/pages\/14217\/revisions\/15456"}],"wp:featuredmedia":[{"embeddable":true,"href":"https:\/\/www.heyhunters.com\/en\/wp-json\/wp\/v2\/media\/14415"}],"wp:attachment":[{"href":"https:\/\/www.heyhunters.com\/en\/wp-json\/wp\/v2\/media?parent=14217"}],"curies":[{"name":"wp","href":"https:\/\/api.w.org\/{rel}","templated":true}]}}